{"id":23,"date":"2024-07-28T13:33:13","date_gmt":"2024-07-28T13:33:13","guid":{"rendered":"https:\/\/aligalart.com\/?page_id=23"},"modified":"2024-10-10T09:08:28","modified_gmt":"2024-10-10T09:08:28","slug":"stolarski-program","status":"publish","type":"page","link":"https:\/\/aligalart.com\/?page_id=23","title":{"rendered":"Stolarski program"},"content":{"rendered":"\t\t<div data-elementor-type=\"wp-page\" data-elementor-id=\"23\" class=\"elementor elementor-23\" data-elementor-post-type=\"page\">\n\t\t\t\t<div class=\"elementor-element elementor-element-dccbe68 e-flex e-con-boxed e-con e-parent\" data-id=\"dccbe68\" data-element_type=\"container\" data-settings=\"{&quot;background_background&quot;:&quot;classic&quot;}\">\n\t\t\t\t\t<div class=\"e-con-inner\">\n\t\t\t\t<div class=\"elementor-element elementor-element-3ac6b63 elementor-widget__width-initial elementor-invisible elementor-widget elementor-widget-heading\" data-id=\"3ac6b63\" data-element_type=\"widget\" data-settings=\"{&quot;_animation&quot;:&quot;slideInUp&quot;}\" data-widget_type=\"heading.default\">\n\t\t\t\t<div class=\"elementor-widget-container\">\n\t\t\t<h2 class=\"elementor-heading-title elementor-size-default\">FUNKCIONALNOS I STIL U SAVR\u0160ENOM SPOJU<\/h2>\t\t<\/div>\n\t\t\t\t<\/div>\n\t\t\t\t\t<\/div>\n\t\t\t\t<\/div>\n\t\t<div class=\"elementor-element elementor-element-881ca36 e-grid e-con-boxed elementor-invisible e-con e-parent\" data-id=\"881ca36\" data-element_type=\"container\" data-settings=\"{&quot;background_background&quot;:&quot;classic&quot;,&quot;animation&quot;:&quot;slideInUp&quot;,&quot;animation_mobile&quot;:&quot;none&quot;}\">\n\t\t\t\t\t<div class=\"e-con-inner\">\n\t\t<div class=\"elementor-element elementor-element-72b92c9 e-con-full e-flex e-con e-child\" data-id=\"72b92c9\" data-element_type=\"container\" data-settings=\"{&quot;background_background&quot;:&quot;classic&quot;,&quot;animation_mobile&quot;:&quot;slideInUp&quot;}\">\n\t\t\t\t<div class=\"elementor-element elementor-element-33c9945 elementor-widget__width-initial elementor-widget elementor-widget-heading\" data-id=\"33c9945\" data-element_type=\"widget\" data-widget_type=\"heading.default\">\n\t\t\t\t<div class=\"elementor-widget-container\">\n\t\t\t<h2 class=\"elementor-heading-title elementor-size-default\">Moderan dizajn koji prilago\u0111avamo vama<\/h2>\t\t<\/div>\n\t\t\t\t<\/div>\n\t\t\t\t<div class=\"elementor-element elementor-element-753ec94 elementor-widget elementor-widget-text-editor\" data-id=\"753ec94\" data-element_type=\"widget\" data-widget_type=\"text-editor.default\">\n\t\t\t\t<div class=\"elementor-widget-container\">\n\t\t\t\t\t\t\t<p>Na\u0161a stolarija od Keroka pru\u017ea savr\u0161enu ravnote\u017eu izme\u0111u izdr\u017eljivosti i estetike. Bez obzira na stil va\u0161eg enterijera, na\u0161e komode i police prilago\u0111ene su da izdr\u017ee svakodnevnu upotrebu, dok istovremeno unose prefinjenost u svaki prostor.<\/p>\t\t\t\t\t\t<\/div>\n\t\t\t\t<\/div>\n\t\t\t\t<div class=\"elementor-element elementor-element-7c5ccd0 elementor-widget elementor-widget-image\" data-id=\"7c5ccd0\" data-element_type=\"widget\" data-widget_type=\"image.default\">\n\t\t\t\t<div class=\"elementor-widget-container\">\n\t\t\t\t\t\t\t\t\t\t\t\t\t<img fetchpriority=\"high\" decoding=\"async\" width=\"1920\" height=\"1080\" src=\"https:\/\/aligalart.com\/wp-content\/uploads\/2024\/08\/Kerrock-kopalnice106.jpg.webp\" class=\"attachment-full size-full wp-image-772\" alt=\"\" srcset=\"https:\/\/aligalart.com\/wp-content\/uploads\/2024\/08\/Kerrock-kopalnice106.jpg.webp 1920w, https:\/\/aligalart.com\/wp-content\/uploads\/2024\/08\/Kerrock-kopalnice106.jpg-300x169.webp 300w, https:\/\/aligalart.com\/wp-content\/uploads\/2024\/08\/Kerrock-kopalnice106.jpg-1024x576.webp 1024w, https:\/\/aligalart.com\/wp-content\/uploads\/2024\/08\/Kerrock-kopalnice106.jpg-768x432.webp 768w, https:\/\/aligalart.com\/wp-content\/uploads\/2024\/08\/Kerrock-kopalnice106.jpg-1536x864.webp 1536w\" sizes=\"(max-width: 1920px) 100vw, 1920px\" \/>\t\t\t\t\t\t\t\t\t\t\t\t\t<\/div>\n\t\t\t\t<\/div>\n\t\t\t\t<\/div>\n\t\t<div class=\"elementor-element elementor-element-f6ea23b e-con-full e-flex e-con e-child\" data-id=\"f6ea23b\" data-element_type=\"container\" data-settings=\"{&quot;background_background&quot;:&quot;classic&quot;,&quot;animation_mobile&quot;:&quot;slideInLeft&quot;}\">\n\t\t\t\t<div class=\"elementor-element elementor-element-8908e0b elementor-widget__width-initial elementor-widget elementor-widget-heading\" data-id=\"8908e0b\" data-element_type=\"widget\" data-widget_type=\"heading.default\">\n\t\t\t\t<div class=\"elementor-widget-container\">\n\t\t\t<h2 class=\"elementor-heading-title elementor-size-default\">Komode i police koje prate va\u0161 stil<\/h2>\t\t<\/div>\n\t\t\t\t<\/div>\n\t\t\t\t<div class=\"elementor-element elementor-element-1f44dcc elementor-widget elementor-widget-text-editor\" data-id=\"1f44dcc\" data-element_type=\"widget\" data-widget_type=\"text-editor.default\">\n\t\t\t\t<div class=\"elementor-widget-container\">\n\t\t\t\t\t\t\t<p>Kombinujemo funkcionalnost i estetiku da bismo stvorili komade name\u0161taja koji izgledaju sjajno i poma\u017eu da maksimalno iskoristite prostor.\u00a0 Police i komode su dizajnirane sa pa\u017enjom prema detaljima i izra\u0111ene od visokokvalitetnog kerrock materijala.<\/p>\t\t\t\t\t\t<\/div>\n\t\t\t\t<\/div>\n\t\t\t\t<div class=\"elementor-element elementor-element-2c58384 elementor-widget elementor-widget-image\" data-id=\"2c58384\" data-element_type=\"widget\" data-widget_type=\"image.default\">\n\t\t\t\t<div class=\"elementor-widget-container\">\n\t\t\t\t\t\t\t\t\t\t\t\t\t<img decoding=\"async\" width=\"800\" height=\"450\" src=\"https:\/\/aligalart.com\/wp-content\/uploads\/2024\/08\/hotel-1-1024x576.webp\" class=\"attachment-large size-large wp-image-430\" alt=\"\" srcset=\"https:\/\/aligalart.com\/wp-content\/uploads\/2024\/08\/hotel-1-1024x576.webp 1024w, https:\/\/aligalart.com\/wp-content\/uploads\/2024\/08\/hotel-1-300x169.webp 300w, https:\/\/aligalart.com\/wp-content\/uploads\/2024\/08\/hotel-1-768x432.webp 768w, https:\/\/aligalart.com\/wp-content\/uploads\/2024\/08\/hotel-1.webp 1280w\" sizes=\"(max-width: 800px) 100vw, 800px\" \/>\t\t\t\t\t\t\t\t\t\t\t\t\t<\/div>\n\t\t\t\t<\/div>\n\t\t\t\t<\/div>\n\t\t<div class=\"elementor-element elementor-element-7c53b48 e-con-full e-flex e-con e-child\" data-id=\"7c53b48\" data-element_type=\"container\" data-settings=\"{&quot;background_background&quot;:&quot;classic&quot;,&quot;animation_mobile&quot;:&quot;slideInRight&quot;}\">\n\t\t\t\t<div class=\"elementor-element elementor-element-3f2a4ac elementor-widget__width-initial elementor-widget elementor-widget-heading\" data-id=\"3f2a4ac\" data-element_type=\"widget\" data-widget_type=\"heading.default\">\n\t\t\t\t<div class=\"elementor-widget-container\">\n\t\t\t<h2 class=\"elementor-heading-title elementor-size-default\">Izdr\u017eljiva i elegatna re\u0161enja za svaki enterijer<\/h2>\t\t<\/div>\n\t\t\t\t<\/div>\n\t\t\t\t<div class=\"elementor-element elementor-element-a43ccdc elementor-widget elementor-widget-text-editor\" data-id=\"a43ccdc\" data-element_type=\"widget\" data-widget_type=\"text-editor.default\">\n\t\t\t\t<div class=\"elementor-widget-container\">\n\t\t\t\t\t\t\t<p>Va\u0161 dom zaslu\u017euje name\u0161taj koji prati va\u0161 jedinstveni stil i potrebe. Na\u0161e komode i police od Keroka nude savr\u0161enu prilagodljivost \u2013 bilo da preferirate minimalisti\u010dki, moderni ili klasi\u010dni izgled, uvek \u0107emo prona\u0107i pravo re\u0161enje za vas.<\/p>\t\t\t\t\t\t<\/div>\n\t\t\t\t<\/div>\n\t\t\t\t<div class=\"elementor-element elementor-element-28c5f2c elementor-widget elementor-widget-image\" data-id=\"28c5f2c\" data-element_type=\"widget\" data-widget_type=\"image.default\">\n\t\t\t\t<div class=\"elementor-widget-container\">\n\t\t\t\t\t\t\t\t\t\t\t\t\t<img decoding=\"async\" width=\"1920\" height=\"1080\" src=\"https:\/\/aligalart.com\/wp-content\/uploads\/2024\/10\/Kerrock-javne-ustanove10.webp\" class=\"attachment-full size-full wp-image-1583\" alt=\"\" srcset=\"https:\/\/aligalart.com\/wp-content\/uploads\/2024\/10\/Kerrock-javne-ustanove10.webp 1920w, https:\/\/aligalart.com\/wp-content\/uploads\/2024\/10\/Kerrock-javne-ustanove10-300x169.webp 300w, https:\/\/aligalart.com\/wp-content\/uploads\/2024\/10\/Kerrock-javne-ustanove10-1024x576.webp 1024w, https:\/\/aligalart.com\/wp-content\/uploads\/2024\/10\/Kerrock-javne-ustanove10-768x432.webp 768w, https:\/\/aligalart.com\/wp-content\/uploads\/2024\/10\/Kerrock-javne-ustanove10-1536x864.webp 1536w\" sizes=\"(max-width: 1920px) 100vw, 1920px\" \/>\t\t\t\t\t\t\t\t\t\t\t\t\t<\/div>\n\t\t\t\t<\/div>\n\t\t\t\t<\/div>\n\t\t\t\t\t<\/div>\n\t\t\t\t<\/div>\n\t\t<div class=\"elementor-element elementor-element-b2360f5 e-con-full e-flex e-con e-parent\" data-id=\"b2360f5\" data-element_type=\"container\">\n\t\t<div class=\"elementor-element elementor-element-855f267 e-con-full e-flex e-con e-child\" data-id=\"855f267\" data-element_type=\"container\" data-settings=\"{&quot;background_background&quot;:&quot;classic&quot;}\">\n\t\t\t\t<div class=\"elementor-element elementor-element-b115432 elementor-widget__width-initial elementor-widget elementor-widget-heading\" data-id=\"b115432\" data-element_type=\"widget\" data-widget_type=\"heading.default\">\n\t\t\t\t<div class=\"elementor-widget-container\">\n\t\t\t<h2 class=\"elementor-heading-title elementor-size-default\">Na\u0161e umivaonike, lavaboe i tu\u0161 kade izra\u0111ujemo od Kerrock materijala<\/h2>\t\t<\/div>\n\t\t\t\t<\/div>\n\t\t\t\t<div class=\"elementor-element elementor-element-bd515ca elementor-widget__width-initial elementor-widget elementor-widget-text-editor\" data-id=\"bd515ca\" data-element_type=\"widget\" data-widget_type=\"text-editor.default\">\n\t\t\t\t<div class=\"elementor-widget-container\">\n\t\t\t\t\t\t\t<p>Kerrock nije samo otporan na udarce i hemikalije, ve\u0107 poseduje antibakterijska svojstva, \u0161to ga \u010dini idealnim izborom za higijenski \u010dist i dugotrajan prostor.<\/p>\t\t\t\t\t\t<\/div>\n\t\t\t\t<\/div>\n\t\t\t\t<\/div>\n\t\t<div class=\"elementor-element elementor-element-8500576 e-con-full e-flex e-con e-child\" data-id=\"8500576\" data-element_type=\"container\" data-settings=\"{&quot;background_background&quot;:&quot;slideshow&quot;,&quot;background_slideshow_gallery&quot;:[{&quot;id&quot;:1615,&quot;url&quot;:&quot;https:\\\/\\\/aligalart.com\\\/wp-content\\\/uploads\\\/2024\\\/10\\\/kopalnice_galerija_1280x720_v8_20210106.jpg.webp&quot;},{&quot;id&quot;:1616,&quot;url&quot;:&quot;https:\\\/\\\/aligalart.com\\\/wp-content\\\/uploads\\\/2024\\\/10\\\/Kerrock-kopalnice10142.jpg.webp&quot;},{&quot;id&quot;:1617,&quot;url&quot;:&quot;https:\\\/\\\/aligalart.com\\\/wp-content\\\/uploads\\\/2024\\\/10\\\/Kerrock-kopalnice10143.jpg.webp&quot;},{&quot;id&quot;:1618,&quot;url&quot;:&quot;https:\\\/\\\/aligalart.com\\\/wp-content\\\/uploads\\\/2024\\\/10\\\/Kerrock-kopalnice1013.jpg.webp&quot;},{&quot;id&quot;:1619,&quot;url&quot;:&quot;https:\\\/\\\/aligalart.com\\\/wp-content\\\/uploads\\\/2024\\\/10\\\/Kerrock-kopalnice107.jpg.webp&quot;},{&quot;id&quot;:1620,&quot;url&quot;:&quot;https:\\\/\\\/aligalart.com\\\/wp-content\\\/uploads\\\/2024\\\/10\\\/Kerrock-javne-ustanove4.jpg.webp&quot;},{&quot;id&quot;:1621,&quot;url&quot;:&quot;https:\\\/\\\/aligalart.com\\\/wp-content\\\/uploads\\\/2024\\\/10\\\/Kerrock-javne-ustanove6.jpg.webp&quot;},{&quot;id&quot;:1622,&quot;url&quot;:&quot;https:\\\/\\\/aligalart.com\\\/wp-content\\\/uploads\\\/2024\\\/10\\\/Kerrock-javne-ustanove5.jpg.webp&quot;}],&quot;background_slideshow_loop&quot;:&quot;yes&quot;,&quot;background_slideshow_slide_duration&quot;:5000,&quot;background_slideshow_slide_transition&quot;:&quot;fade&quot;,&quot;background_slideshow_transition_duration&quot;:500}\">\n\t\t\t\t<\/div>\n\t\t\t\t<\/div>\n\t\t<div class=\"elementor-element elementor-element-cc08088 e-flex e-con-boxed e-con e-parent\" data-id=\"cc08088\" data-element_type=\"container\">\n\t\t\t\t\t<div class=\"e-con-inner\">\n\t\t<div class=\"elementor-element elementor-element-78398bc e-con-full e-flex e-con e-child\" data-id=\"78398bc\" data-element_type=\"container\" data-settings=\"{&quot;background_background&quot;:&quot;slideshow&quot;,&quot;background_slideshow_gallery&quot;:[{&quot;id&quot;:1677,&quot;url&quot;:&quot;https:\\\/\\\/aligalart.com\\\/wp-content\\\/uploads\\\/2024\\\/10\\\/poslovni_galerija_v6_20201209-1.jpg-1.webp&quot;},{&quot;id&quot;:1678,&quot;url&quot;:&quot;https:\\\/\\\/aligalart.com\\\/wp-content\\\/uploads\\\/2024\\\/10\\\/Kerrock-poslovni-prostori6.jpg.webp&quot;},{&quot;id&quot;:1672,&quot;url&quot;:&quot;https:\\\/\\\/aligalart.com\\\/wp-content\\\/uploads\\\/2024\\\/10\\\/Kerrock-maloprodaja.jpg.webp&quot;},{&quot;id&quot;:1673,&quot;url&quot;:&quot;https:\\\/\\\/aligalart.com\\\/wp-content\\\/uploads\\\/2024\\\/10\\\/Kerrock-maloprodaja4.jpg-1.webp&quot;},{&quot;id&quot;:1674,&quot;url&quot;:&quot;https:\\\/\\\/aligalart.com\\\/wp-content\\\/uploads\\\/2024\\\/10\\\/hoteli_2.jpg.webp&quot;},{&quot;id&quot;:1675,&quot;url&quot;:&quot;https:\\\/\\\/aligalart.com\\\/wp-content\\\/uploads\\\/2024\\\/10\\\/medicina_galerija_v10_1280x720_20210106.jpg.webp&quot;},{&quot;id&quot;:1676,&quot;url&quot;:&quot;https:\\\/\\\/aligalart.com\\\/wp-content\\\/uploads\\\/2024\\\/10\\\/medicina_galerija_v7_1280x720_20210106.jpg.webp&quot;},{&quot;id&quot;:1679,&quot;url&quot;:&quot;https:\\\/\\\/aligalart.com\\\/wp-content\\\/uploads\\\/2024\\\/10\\\/Kerrock-poslovni-prostori.jpg.webp&quot;},{&quot;id&quot;:1680,&quot;url&quot;:&quot;https:\\\/\\\/aligalart.com\\\/wp-content\\\/uploads\\\/2024\\\/10\\\/Kerrock-poslovni-prostori5.jpg.webp&quot;}],&quot;background_slideshow_loop&quot;:&quot;yes&quot;,&quot;background_slideshow_slide_duration&quot;:5000,&quot;background_slideshow_slide_transition&quot;:&quot;fade&quot;,&quot;background_slideshow_transition_duration&quot;:500}\">\n\t\t\t\t<\/div>\n\t\t<div class=\"elementor-element elementor-element-360c896 e-con-full e-flex e-con e-child\" data-id=\"360c896\" data-element_type=\"container\" data-settings=\"{&quot;background_background&quot;:&quot;classic&quot;}\">\n\t\t\t\t<div class=\"elementor-element elementor-element-83c59ef elementor-widget__width-initial elementor-widget elementor-widget-heading\" data-id=\"83c59ef\" data-element_type=\"widget\" data-widget_type=\"heading.default\">\n\t\t\t\t<div class=\"elementor-widget-container\">\n\t\t\t<h2 class=\"elementor-heading-title elementor-size-default\">Kerrock je svestran materijal koji se mo\u017ee koristiti na mnogim mestima, uklju\u010duju\u0107i:<\/h2>\t\t<\/div>\n\t\t\t\t<\/div>\n\t\t\t\t<div class=\"elementor-element elementor-element-1da88f5 elementor-widget__width-initial elementor-widget elementor-widget-text-editor\" data-id=\"1da88f5\" data-element_type=\"widget\" data-widget_type=\"text-editor.default\">\n\t\t\t\t<div class=\"elementor-widget-container\">\n\t\t\t\t\t\t\t<p>Kuhinja, kupatilo, hotel, medicina, poslovni prostori, javne ustavnove, wellness, nautika i dekorativne obloge!<\/p>\t\t\t\t\t\t<\/div>\n\t\t\t\t<\/div>\n\t\t\t\t<\/div>\n\t\t\t\t\t<\/div>\n\t\t\t\t<\/div>\n\t\t<div class=\"elementor-element elementor-element-31be0a5 e-flex e-con-boxed e-con e-parent\" data-id=\"31be0a5\" data-element_type=\"container\">\n\t\t\t\t\t<div class=\"e-con-inner\">\n\t\t\t\t<div class=\"elementor-element elementor-element-4c90058 elementor-widget-mobile__width-initial elementor-widget elementor-widget-heading\" data-id=\"4c90058\" data-element_type=\"widget\" data-widget_type=\"heading.default\">\n\t\t\t\t<div class=\"elementor-widget-container\">\n\t\t\t<h2 class=\"elementor-heading-title elementor-size-default\">Kreiramo stolariju koja traje<\/h2>\t\t<\/div>\n\t\t\t\t<\/div>\n\t\t\t\t<div class=\"elementor-element elementor-element-86eb8fd elementor-widget elementor-widget-text-editor\" data-id=\"86eb8fd\" data-element_type=\"widget\" data-widget_type=\"text-editor.default\">\n\t\t\t\t<div class=\"elementor-widget-container\">\n\t\t\t\t\t\t\t<p>Uz lako odr\u017eavanje i moderan izgled, Kerrock pru\u017ea savr\u0161en spoj kvaliteta i stila, dizajniran da traje.<\/p>\t\t\t\t\t\t<\/div>\n\t\t\t\t<\/div>\n\t\t\t\t<div class=\"elementor-element elementor-element-2600c31 elementor-widget elementor-widget-button\" data-id=\"2600c31\" data-element_type=\"widget\" data-widget_type=\"button.default\">\n\t\t\t\t<div class=\"elementor-widget-container\">\n\t\t\t\t\t<div class=\"elementor-button-wrapper\">\n\t\t\t<a class=\"elementor-button elementor-button-link elementor-size-sm\" href=\"https:\/\/aligalart.com\/?page_id=15\">\n\t\t\t\t\t\t<span class=\"elementor-button-content-wrapper\">\n\t\t\t\t\t\t\t\t\t<span class=\"elementor-button-text\">Vi\u0161e informacija o kerroku<\/span>\n\t\t\t\t\t<\/span>\n\t\t\t\t\t<\/a>\n\t\t<\/div>\n\t\t\t\t<\/div>\n\t\t\t\t<\/div>\n\t\t\t\t\t<\/div>\n\t\t\t\t<\/div>\n\t\t\t\t<\/div>\n\t\t","protected":false},"excerpt":{"rendered":"<p>FUNKCIONALNOS I STIL U SAVR\u0160ENOM SPOJU Moderan dizajn koji prilago\u0111avamo vama Na\u0161a stolarija od Keroka pru\u017ea savr\u0161enu ravnote\u017eu izme\u0111u izdr\u017eljivosti i estetike. Bez obzira na stil va\u0161eg enterijera, na\u0161e komode i police prilago\u0111ene su da izdr\u017ee svakodnevnu upotrebu, dok istovremeno unose prefinjenost u svaki prostor. Komode i police koje prate va\u0161 stil Kombinujemo funkcionalnost i [&hellip;]<\/p>\n","protected":false},"author":1,"featured_media":0,"parent":0,"menu_order":0,"comment_status":"closed","ping_status":"closed","template":"elementor_header_footer","meta":{"footnotes":""},"class_list":["post-23","page","type-page","status-publish","hentry"],"_links":{"self":[{"href":"https:\/\/aligalart.com\/index.php?rest_route=\/wp\/v2\/pages\/23","targetHints":{"allow":["GET"]}}],"collection":[{"href":"https:\/\/aligalart.com\/index.php?rest_route=\/wp\/v2\/pages"}],"about":[{"href":"https:\/\/aligalart.com\/index.php?rest_route=\/wp\/v2\/types\/page"}],"author":[{"embeddable":true,"href":"https:\/\/aligalart.com\/index.php?rest_route=\/wp\/v2\/users\/1"}],"replies":[{"embeddable":true,"href":"https:\/\/aligalart.com\/index.php?rest_route=%2Fwp%2Fv2%2Fcomments&post=23"}],"version-history":[{"count":142,"href":"https:\/\/aligalart.com\/index.php?rest_route=\/wp\/v2\/pages\/23\/revisions"}],"predecessor-version":[{"id":1896,"href":"https:\/\/aligalart.com\/index.php?rest_route=\/wp\/v2\/pages\/23\/revisions\/1896"}],"wp:attachment":[{"href":"https:\/\/aligalart.com\/index.php?rest_route=%2Fwp%2Fv2%2Fmedia&parent=23"}],"curies":[{"name":"wp","href":"https:\/\/api.w.org\/{rel}","templated":true}]}}