{"id":25,"date":"2024-07-28T13:32:40","date_gmt":"2024-07-28T13:32:40","guid":{"rendered":"https:\/\/aligalart.com\/?page_id=25"},"modified":"2024-10-10T09:57:28","modified_gmt":"2024-10-10T09:57:28","slug":"kuhinje-po-meri","status":"publish","type":"page","link":"https:\/\/aligalart.com\/?page_id=25","title":{"rendered":"Kuhinje po meri"},"content":{"rendered":"\t\t<div data-elementor-type=\"wp-page\" data-elementor-id=\"25\" class=\"elementor elementor-25\" data-elementor-post-type=\"page\">\n\t\t\t\t<div class=\"elementor-element elementor-element-eb42e6f e-flex e-con-boxed e-con e-parent\" data-id=\"eb42e6f\" data-element_type=\"container\" data-settings=\"{&quot;background_background&quot;:&quot;classic&quot;}\">\n\t\t\t\t\t<div class=\"e-con-inner\">\n\t\t\t\t\t<\/div>\n\t\t\t\t<\/div>\n\t\t<div class=\"elementor-element elementor-element-8db397d e-flex e-con-boxed e-con e-parent\" data-id=\"8db397d\" data-element_type=\"container\">\n\t\t\t\t\t<div class=\"e-con-inner\">\n\t\t\t\t<div class=\"elementor-element elementor-element-2eeeace elementor-widget elementor-widget-text-editor\" data-id=\"2eeeace\" data-element_type=\"widget\" data-widget_type=\"text-editor.default\">\n\t\t\t\t<div class=\"elementor-widget-container\">\n\t\t\t\t\t\t\t<p>KUHINJA JE SRCE SVAKOG DOMA<\/p>\t\t\t\t\t\t<\/div>\n\t\t\t\t<\/div>\n\t\t\t\t<div class=\"elementor-element elementor-element-07a199b elementor-widget elementor-widget-heading\" data-id=\"07a199b\" data-element_type=\"widget\" data-widget_type=\"heading.default\">\n\t\t\t\t<div class=\"elementor-widget-container\">\n\t\t\t<h2 class=\"elementor-heading-title elementor-size-default\">KUHINJA<\/h2>\t\t<\/div>\n\t\t\t\t<\/div>\n\t\t\t\t<div class=\"elementor-element elementor-element-e877ed3 elementor-widget elementor-widget-text-editor\" data-id=\"e877ed3\" data-element_type=\"widget\" data-widget_type=\"text-editor.default\">\n\t\t\t\t<div class=\"elementor-widget-container\">\n\t\t\t\t\t\t\t<p>Beskompromisna estetika i dugotrajna otpornost za va\u0161e kulinarske izazove.<\/p>\t\t\t\t\t\t<\/div>\n\t\t\t\t<\/div>\n\t\t\t\t\t<\/div>\n\t\t\t\t<\/div>\n\t\t<div class=\"elementor-element elementor-element-941cb2c e-flex e-con-boxed e-con e-parent\" data-id=\"941cb2c\" data-element_type=\"container\" data-settings=\"{&quot;background_background&quot;:&quot;classic&quot;}\">\n\t\t\t\t\t<div class=\"e-con-inner\">\n\t\t<div class=\"elementor-element elementor-element-f2bc135 e-con-full e-flex e-con e-child\" data-id=\"f2bc135\" data-element_type=\"container\">\n\t\t\t\t<div class=\"elementor-element elementor-element-6128ec3 elementor-widget elementor-widget-heading\" data-id=\"6128ec3\" data-element_type=\"widget\" data-widget_type=\"heading.default\">\n\t\t\t\t<div class=\"elementor-widget-container\">\n\t\t\t<h2 class=\"elementor-heading-title elementor-size-default\">TIPOVI KUHINJA PO MERI KOJE IMAMO U PONUDI<\/h2>\t\t<\/div>\n\t\t\t\t<\/div>\n\t\t\t\t<div class=\"elementor-element elementor-element-59b4730 elementor-widget elementor-widget-text-editor\" data-id=\"59b4730\" data-element_type=\"widget\" data-widget_type=\"text-editor.default\">\n\t\t\t\t<div class=\"elementor-widget-container\">\n\t\t\t\t\t\t\t<p>Neka od osnovnih podela kuhinja je na klasi\u010dne (tradicionalne) i moderne kuhinje.<\/p><p>Malo druga\u010dija podela je na 6 tipova koja je slede\u0107a:<\/p>\t\t\t\t\t\t<\/div>\n\t\t\t\t<\/div>\n\t\t\t\t<div class=\"elementor-element elementor-element-c158277 elementor-widget elementor-widget-text-editor\" data-id=\"c158277\" data-element_type=\"widget\" data-widget_type=\"text-editor.default\">\n\t\t\t\t<div class=\"elementor-widget-container\">\n\t\t\t\t\t\t\t<p><strong>1.Linearna huhinja\u00a0 2.Paralelna kuhinja\u00a0 3.L kuhinja\u00a0 4.U kuhinja\u00a0 5.G kuhinja\u00a0 6.Kuhinja sa ostrvom<\/strong><\/p>\t\t\t\t\t\t<\/div>\n\t\t\t\t<\/div>\n\t\t\t\t<\/div>\n\t\t<div class=\"elementor-element elementor-element-adfe859 e-con-full e-flex e-con e-child\" data-id=\"adfe859\" data-element_type=\"container\">\n\t\t\t\t<div class=\"elementor-element elementor-element-4222745 elementor-widget elementor-widget-image\" data-id=\"4222745\" data-element_type=\"widget\" data-widget_type=\"image.default\">\n\t\t\t\t<div class=\"elementor-widget-container\">\n\t\t\t\t\t\t\t\t\t\t\t\t\t<img fetchpriority=\"high\" decoding=\"async\" width=\"800\" height=\"800\" src=\"https:\/\/aligalart.com\/wp-content\/uploads\/2024\/08\/tipovi-kuhinje-1-1-1024x1024.png\" class=\"attachment-large size-large wp-image-1103\" alt=\"\" srcset=\"https:\/\/aligalart.com\/wp-content\/uploads\/2024\/08\/tipovi-kuhinje-1-1-1024x1024.png 1024w, https:\/\/aligalart.com\/wp-content\/uploads\/2024\/08\/tipovi-kuhinje-1-1-300x300.png 300w, https:\/\/aligalart.com\/wp-content\/uploads\/2024\/08\/tipovi-kuhinje-1-1-150x150.png 150w, https:\/\/aligalart.com\/wp-content\/uploads\/2024\/08\/tipovi-kuhinje-1-1-768x768.png 768w, https:\/\/aligalart.com\/wp-content\/uploads\/2024\/08\/tipovi-kuhinje-1-1.png 1536w\" sizes=\"(max-width: 800px) 100vw, 800px\" \/>\t\t\t\t\t\t\t\t\t\t\t\t\t<\/div>\n\t\t\t\t<\/div>\n\t\t\t\t<\/div>\n\t\t\t\t\t<\/div>\n\t\t\t\t<\/div>\n\t\t<div class=\"elementor-element elementor-element-ceecba7 e-grid e-con-boxed e-con e-parent\" data-id=\"ceecba7\" data-element_type=\"container\" data-settings=\"{&quot;background_background&quot;:&quot;classic&quot;}\">\n\t\t\t\t\t<div class=\"e-con-inner\">\n\t\t<div class=\"elementor-element elementor-element-7ab28ea e-con-full e-flex e-con e-child\" data-id=\"7ab28ea\" data-element_type=\"container\">\n\t\t\t\t<div class=\"elementor-element elementor-element-e62ad61 elementor-widget elementor-widget-image\" data-id=\"e62ad61\" data-element_type=\"widget\" data-widget_type=\"image.default\">\n\t\t\t\t<div class=\"elementor-widget-container\">\n\t\t\t\t\t\t\t\t\t\t\t\t\t<img decoding=\"async\" src=\"https:\/\/aligalart.com\/wp-content\/uploads\/elementor\/thumbs\/linearna-qyep0eyk9d6nfm1q8iou77kgz7cfwxufuqzbadzpq8.png\" title=\"linearna\" alt=\"\" class=\"elementor-animation-sink\" loading=\"lazy\" \/>\t\t\t\t\t\t\t\t\t\t\t\t\t<\/div>\n\t\t\t\t<\/div>\n\t\t\t\t<div class=\"elementor-element elementor-element-f5f5c4d elementor-widget elementor-widget-text-editor\" data-id=\"f5f5c4d\" data-element_type=\"widget\" data-widget_type=\"text-editor.default\">\n\t\t\t\t<div class=\"elementor-widget-container\">\n\t\t\t\t\t\t\t<p>Linearna kuhinja je idealno re\u0161enje za male prostore, nude\u0107i prakti\u010dnost, jednostavan dizajn i u\u0161tedu prostora bez kompromisa u estetici.<\/p>\t\t\t\t\t\t<\/div>\n\t\t\t\t<\/div>\n\t\t\t\t<\/div>\n\t\t<div class=\"elementor-element elementor-element-10451c2 e-con-full e-flex e-con e-child\" data-id=\"10451c2\" data-element_type=\"container\">\n\t\t\t\t<div class=\"elementor-element elementor-element-522d136 elementor-widget elementor-widget-image\" data-id=\"522d136\" data-element_type=\"widget\" data-widget_type=\"image.default\">\n\t\t\t\t<div class=\"elementor-widget-container\">\n\t\t\t\t\t\t\t\t\t\t\t\t\t<img decoding=\"async\" src=\"https:\/\/aligalart.com\/wp-content\/uploads\/elementor\/thumbs\/l-qyep0eyk9d6nfm1q8iou77kgz7cfwxufuqzbadzpq8.png\" title=\"l\" alt=\"\" class=\"elementor-animation-sink\" loading=\"lazy\" \/>\t\t\t\t\t\t\t\t\t\t\t\t\t<\/div>\n\t\t\t\t<\/div>\n\t\t\t\t<div class=\"elementor-element elementor-element-0e97b29 elementor-widget elementor-widget-text-editor\" data-id=\"0e97b29\" data-element_type=\"widget\" data-widget_type=\"text-editor.default\">\n\t\t\t\t<div class=\"elementor-widget-container\">\n\t\t\t\t\t\t\t<p>Kuhinje u obliku slova L nude optimalan raspored, funkcionalnost i u\u0161tedu prostora, savr\u0161ene za moderan dom i kuhinje po meri.<\/p>\t\t\t\t\t\t<\/div>\n\t\t\t\t<\/div>\n\t\t\t\t<\/div>\n\t\t<div class=\"elementor-element elementor-element-17813bc e-con-full e-flex e-con e-child\" data-id=\"17813bc\" data-element_type=\"container\">\n\t\t\t\t<div class=\"elementor-element elementor-element-9b69789 elementor-widget elementor-widget-image\" data-id=\"9b69789\" data-element_type=\"widget\" data-widget_type=\"image.default\">\n\t\t\t\t<div class=\"elementor-widget-container\">\n\t\t\t\t\t\t\t\t\t\t\t\t\t<img decoding=\"async\" src=\"https:\/\/aligalart.com\/wp-content\/uploads\/elementor\/thumbs\/paralelna-qyep0eyk9d6nfm1q8iou77kgz7cfwxufuqzbadzpq8.png\" title=\"paralelna\" alt=\"\" class=\"elementor-animation-sink\" loading=\"lazy\" \/>\t\t\t\t\t\t\t\t\t\t\t\t\t<\/div>\n\t\t\t\t<\/div>\n\t\t\t\t<div class=\"elementor-element elementor-element-4ccc238 elementor-widget elementor-widget-text-editor\" data-id=\"4ccc238\" data-element_type=\"widget\" data-widget_type=\"text-editor.default\">\n\t\t\t\t<div class=\"elementor-widget-container\">\n\t\t\t\t\t\t\t<p>Paralelna kuhinja po meri, sa elementima na dva suprotna zida u prostoriji, nudi prakti\u010dnost, vi\u0161e prostora za rad i optimalan raspored.<\/p>\t\t\t\t\t\t<\/div>\n\t\t\t\t<\/div>\n\t\t\t\t<\/div>\n\t\t\t\t\t<\/div>\n\t\t\t\t<\/div>\n\t\t<div class=\"elementor-element elementor-element-735ebb6 e-flex e-con-boxed e-con e-parent\" data-id=\"735ebb6\" data-element_type=\"container\" data-settings=\"{&quot;background_background&quot;:&quot;classic&quot;}\">\n\t\t\t\t\t<div class=\"e-con-inner\">\n\t\t<div class=\"elementor-element elementor-element-11a8324 e-con-full e-flex e-con e-child\" data-id=\"11a8324\" data-element_type=\"container\" data-settings=\"{&quot;background_background&quot;:&quot;classic&quot;}\">\n\t\t<div class=\"elementor-element elementor-element-1be4d69 e-con-full e-flex e-con e-child\" data-id=\"1be4d69\" data-element_type=\"container\">\n\t\t\t\t<div class=\"elementor-element elementor-element-ed8c5bc elementor-widget elementor-widget-heading\" data-id=\"ed8c5bc\" data-element_type=\"widget\" data-widget_type=\"heading.default\">\n\t\t\t\t<div class=\"elementor-widget-container\">\n\t\t\t<h2 class=\"elementor-heading-title elementor-size-default\">KAKO DA SAZNATE KOJA JE KUHINJA ZA VAS?<\/h2>\t\t<\/div>\n\t\t\t\t<\/div>\n\t\t\t\t<\/div>\n\t\t<div class=\"elementor-element elementor-element-3450a18 e-con-full e-flex e-con e-child\" data-id=\"3450a18\" data-element_type=\"container\">\n\t\t\t\t<div class=\"elementor-element elementor-element-76be455 elementor-widget elementor-widget-icon-box\" data-id=\"76be455\" data-element_type=\"widget\" data-widget_type=\"icon-box.default\">\n\t\t\t\t<div class=\"elementor-widget-container\">\n\t\t\t\t\t<div class=\"elementor-icon-box-wrapper\">\n\n\t\t\t\n\t\t\t\t\t\t<div class=\"elementor-icon-box-content\">\n\n\t\t\t\t\t\t\t\t\t<h3 class=\"elementor-icon-box-title\">\n\t\t\t\t\t\t<span  >\n\t\t\t\t\t\t\tKontaktirajte nas\t\t\t\t\t\t<\/span>\n\t\t\t\t\t<\/h3>\n\t\t\t\t\n\t\t\t\t\t\t\t\t\t<p class=\"elementor-icon-box-description\">\n\t\t\t\t\t\tBez obzira da li nas kontaktirate putem emaila, telefona ili dru\u0161tvenih mre\u017ea, uvek smo dostupni da odgovorimo na sva va\u0161a pitanja i pru\u017eimo neophodne informacije. Na\u0161 tim vam stoji na raspolaganju u svakom koraku do va\u0161e nove kuhinje po meri.\t\t\t\t\t<\/p>\n\t\t\t\t\n\t\t\t<\/div>\n\t\t\t\n\t\t<\/div>\n\t\t\t\t<\/div>\n\t\t\t\t<\/div>\n\t\t\t\t<div class=\"elementor-element elementor-element-d29b652 elementor-widget elementor-widget-icon-box\" data-id=\"d29b652\" data-element_type=\"widget\" data-widget_type=\"icon-box.default\">\n\t\t\t\t<div class=\"elementor-widget-container\">\n\t\t\t\t\t<div class=\"elementor-icon-box-wrapper\">\n\n\t\t\t\n\t\t\t\t\t\t<div class=\"elementor-icon-box-content\">\n\n\t\t\t\t\t\t\t\t\t<h3 class=\"elementor-icon-box-title\">\n\t\t\t\t\t\t<span  >\n\t\t\t\t\t\t\tUpoznavanje\/Sastanak\t\t\t\t\t\t<\/span>\n\t\t\t\t\t<\/h3>\n\t\t\t\t\n\t\t\t\t\t\t\t\t\t<p class=\"elementor-icon-box-description\">\n\t\t\t\t\t\tNa prvom sastanku fokusira\u0107emo se na va\u0161e \u017eelje i zahteve kako bismo oblikovali idealno re\u0161enje za va\u0161 prostor. Razgovara\u0107emo o dizajnu, funkcionalnosti i bud\u017eetu, a na\u0161 stru\u010dni tim pru\u017ei\u0107e vam korisne savete za kreiranje kuhinje po meri koja odgovara va\u0161em stilu i potrebama.\t\t\t\t\t<\/p>\n\t\t\t\t\n\t\t\t<\/div>\n\t\t\t\n\t\t<\/div>\n\t\t\t\t<\/div>\n\t\t\t\t<\/div>\n\t\t\t\t<div class=\"elementor-element elementor-element-6f6d3b9 elementor-widget elementor-widget-icon-box\" data-id=\"6f6d3b9\" data-element_type=\"widget\" data-widget_type=\"icon-box.default\">\n\t\t\t\t<div class=\"elementor-widget-container\">\n\t\t\t\t\t<div class=\"elementor-icon-box-wrapper\">\n\n\t\t\t\n\t\t\t\t\t\t<div class=\"elementor-icon-box-content\">\n\n\t\t\t\t\t\t\t\t\t<h3 class=\"elementor-icon-box-title\">\n\t\t\t\t\t\t<span  >\n\t\t\t\t\t\t\tIzrada kuhinje\t\t\t\t\t\t<\/span>\n\t\t\t\t\t<\/h3>\n\t\t\t\t\n\t\t\t\t\t\t\t\t\t<p class=\"elementor-icon-box-description\">\n\t\t\t\t\t\tProces izrade va\u0161e kuhinje pa\u017eljivo je planiran kako bi se osigurao visok kvalitet. Vreme izrade traje izme\u0111u 30 i 45 dana, a za manje kuhinje mo\u017ee biti i kra\u0107e. Na\u0161 prioritet je vrhunski kvalitet, pri \u010demu svaka kuhinja prolazi detaljnu kontrolu kako bi ispunila najvi\u0161e standarde.\t\t\t\t\t<\/p>\n\t\t\t\t\n\t\t\t<\/div>\n\t\t\t\n\t\t<\/div>\n\t\t\t\t<\/div>\n\t\t\t\t<\/div>\n\t\t\t\t<\/div>\n\t\t\t\t<\/div>\n\t\t\t\t\t<\/div>\n\t\t\t\t<\/div>\n\t\t<div class=\"elementor-element elementor-element-712a4ef e-grid e-con-boxed e-con e-parent\" data-id=\"712a4ef\" data-element_type=\"container\" data-settings=\"{&quot;background_background&quot;:&quot;classic&quot;}\">\n\t\t\t\t\t<div class=\"e-con-inner\">\n\t\t<div class=\"elementor-element elementor-element-2b24df8 e-con-full e-flex e-con e-child\" data-id=\"2b24df8\" data-element_type=\"container\">\n\t\t\t\t<div class=\"elementor-element elementor-element-196fd9c elementor-widget elementor-widget-image\" data-id=\"196fd9c\" data-element_type=\"widget\" data-widget_type=\"image.default\">\n\t\t\t\t<div class=\"elementor-widget-container\">\n\t\t\t\t\t\t\t\t\t\t\t\t\t<img decoding=\"async\" src=\"https:\/\/aligalart.com\/wp-content\/uploads\/elementor\/thumbs\/U-qyep0eyk9d6nfm1q8iou77kgz7cfwxufuqzbadzpq8.png\" title=\"U\" alt=\"\" class=\"elementor-animation-sink\" loading=\"lazy\" \/>\t\t\t\t\t\t\t\t\t\t\t\t\t<\/div>\n\t\t\t\t<\/div>\n\t\t\t\t<div class=\"elementor-element elementor-element-e99e076 elementor-widget elementor-widget-text-editor\" data-id=\"e99e076\" data-element_type=\"widget\" data-widget_type=\"text-editor.default\">\n\t\t\t\t<div class=\"elementor-widget-container\">\n\t\t\t\t\t\t\t<p>Kuhinja u obliku slova U nudi savr\u0161enu funkcionalnost i maksimalno iskori\u0161\u0107enje prostora, idealna za kuhinje po meri, \u010dime pru\u017ea savr\u0161en balans.<\/p>\t\t\t\t\t\t<\/div>\n\t\t\t\t<\/div>\n\t\t\t\t<\/div>\n\t\t<div class=\"elementor-element elementor-element-09b059f e-con-full e-flex e-con e-child\" data-id=\"09b059f\" data-element_type=\"container\">\n\t\t\t\t<div class=\"elementor-element elementor-element-23aa098 elementor-widget elementor-widget-image\" data-id=\"23aa098\" data-element_type=\"widget\" data-widget_type=\"image.default\">\n\t\t\t\t<div class=\"elementor-widget-container\">\n\t\t\t\t\t\t\t\t\t\t\t\t\t<img decoding=\"async\" src=\"https:\/\/aligalart.com\/wp-content\/uploads\/elementor\/thumbs\/g-huhinja-qyep0eyk9d6nfm1q8iou77kgz7cfwxufuqzbadzpq8.png\" title=\"g huhinja\" alt=\"\" class=\"elementor-animation-sink\" loading=\"lazy\" \/>\t\t\t\t\t\t\t\t\t\t\t\t\t<\/div>\n\t\t\t\t<\/div>\n\t\t\t\t<div class=\"elementor-element elementor-element-0d38004 elementor-widget elementor-widget-text-editor\" data-id=\"0d38004\" data-element_type=\"widget\" data-widget_type=\"text-editor.default\">\n\t\t\t\t<div class=\"elementor-widget-container\">\n\t\t\t\t\t\t\t<p>Kuhinja u obliku slova G pru\u017ea maksimalnu iskori\u0161\u0107enost prostora, nude\u0107i dodatni skladi\u0161ni prostor i moderan kutak za ru\u010davanje, idealna za ve\u0107e kuhinje po meri.<\/p>\t\t\t\t\t\t<\/div>\n\t\t\t\t<\/div>\n\t\t\t\t<\/div>\n\t\t<div class=\"elementor-element elementor-element-153d5c7 e-con-full e-flex e-con e-child\" data-id=\"153d5c7\" data-element_type=\"container\">\n\t\t\t\t<div class=\"elementor-element elementor-element-fa8cf3c elementor-widget elementor-widget-image\" data-id=\"fa8cf3c\" data-element_type=\"widget\" data-widget_type=\"image.default\">\n\t\t\t\t<div class=\"elementor-widget-container\">\n\t\t\t\t\t\t\t\t\t\t\t\t\t<img decoding=\"async\" src=\"https:\/\/aligalart.com\/wp-content\/uploads\/elementor\/thumbs\/ostrvo-qyep0eyk9d6nfm1q8iou77kgz7cfwxufuqzbadzpq8.png\" title=\"ostrvo\" alt=\"\" class=\"elementor-animation-sink\" loading=\"lazy\" \/>\t\t\t\t\t\t\t\t\t\t\t\t\t<\/div>\n\t\t\t\t<\/div>\n\t\t\t\t<div class=\"elementor-element elementor-element-fe65b22 elementor-widget elementor-widget-text-editor\" data-id=\"fe65b22\" data-element_type=\"widget\" data-widget_type=\"text-editor.default\">\n\t\t\t\t<div class=\"elementor-widget-container\">\n\t\t\t\t\t\t\t<p>Kuhinje sa ostrvom pru\u017eaju moderni izgled, dodatni prostor za odlaganje i vi\u0161estruku funkcionalnost, idealne su za prostranije domove koji tra\u017ee estetski i prakti\u010dni dizajn.<\/p>\t\t\t\t\t\t<\/div>\n\t\t\t\t<\/div>\n\t\t\t\t<\/div>\n\t\t\t\t\t<\/div>\n\t\t\t\t<\/div>\n\t\t<div class=\"elementor-element elementor-element-a60725d e-flex e-con-boxed e-con e-parent\" data-id=\"a60725d\" data-element_type=\"container\" data-settings=\"{&quot;background_background&quot;:&quot;classic&quot;}\">\n\t\t\t\t\t<div class=\"e-con-inner\">\n\t\t<div class=\"elementor-element elementor-element-3d28e65 e-con-full e-flex e-con e-child\" data-id=\"3d28e65\" data-element_type=\"container\">\n\t\t\t\t<div class=\"elementor-element elementor-element-15fbcbf elementor-widget elementor-widget-text-editor\" data-id=\"15fbcbf\" data-element_type=\"widget\" data-widget_type=\"text-editor.default\">\n\t\t\t\t<div class=\"elementor-widget-container\">\n\t\t\t\t\t\t\t<p>OPREMITE SVOJU KUHINJU BA\u0160 ONAKO KAKO STE ZAMISLILI.<\/p>\t\t\t\t\t\t<\/div>\n\t\t\t\t<\/div>\n\t\t\t\t<div class=\"elementor-element elementor-element-36136cb elementor-widget elementor-widget-button\" data-id=\"36136cb\" data-element_type=\"widget\" data-widget_type=\"button.default\">\n\t\t\t\t<div class=\"elementor-widget-container\">\n\t\t\t\t\t<div class=\"elementor-button-wrapper\">\n\t\t\t<a class=\"elementor-button elementor-button-link elementor-size-sm\" href=\"https:\/\/aligalart.com\/?page_id=19\">\n\t\t\t\t\t\t<span class=\"elementor-button-content-wrapper\">\n\t\t\t\t\t\t<span class=\"elementor-button-icon\">\n\t\t\t\t<svg aria-hidden=\"true\" class=\"e-font-icon-svg e-fas-chevron-right\" viewBox=\"0 0 320 512\" xmlns=\"http:\/\/www.w3.org\/2000\/svg\"><path d=\"M285.476 272.971L91.132 467.314c-9.373 9.373-24.569 9.373-33.941 0l-22.667-22.667c-9.357-9.357-9.375-24.522-.04-33.901L188.505 256 34.484 101.255c-9.335-9.379-9.317-24.544.04-33.901l22.667-22.667c9.373-9.373 24.569-9.373 33.941 0L285.475 239.03c9.373 9.372 9.373 24.568.001 33.941z\"><\/path><\/svg>\t\t\t<\/span>\n\t\t\t\t\t\t\t\t\t<span class=\"elementor-button-text\">PO\u0160ALJI UPIT<\/span>\n\t\t\t\t\t<\/span>\n\t\t\t\t\t<\/a>\n\t\t<\/div>\n\t\t\t\t<\/div>\n\t\t\t\t<\/div>\n\t\t\t\t<\/div>\n\t\t\t\t\t<\/div>\n\t\t\t\t<\/div>\n\t\t<div class=\"elementor-element elementor-element-5cdb419 e-con-full e-flex e-con e-parent\" data-id=\"5cdb419\" data-element_type=\"container\">\n\t\t<div class=\"elementor-element elementor-element-9c5f0c2 e-con-full e-flex e-con e-child\" data-id=\"9c5f0c2\" data-element_type=\"container\" data-settings=\"{&quot;background_background&quot;:&quot;classic&quot;}\">\n\t\t\t\t<div class=\"elementor-element elementor-element-3bbf185 elementor-widget__width-initial elementor-widget elementor-widget-heading\" data-id=\"3bbf185\" data-element_type=\"widget\" data-widget_type=\"heading.default\">\n\t\t\t\t<div class=\"elementor-widget-container\">\n\t\t\t<h2 class=\"elementor-heading-title elementor-size-default\">Dizajnirano za vrhunske performanse<\/h2>\t\t<\/div>\n\t\t\t\t<\/div>\n\t\t\t\t<div class=\"elementor-element elementor-element-0b4bdcf elementor-widget__width-initial elementor-widget elementor-widget-text-editor\" data-id=\"0b4bdcf\" data-element_type=\"widget\" data-widget_type=\"text-editor.default\">\n\t\t\t\t<div class=\"elementor-widget-container\">\n\t\t\t\t\t\t\t<p>Oblikujte svoj prostor personalizovanom kuhinjom ispunjenom inovativnim sistemima za skladi\u0161tenje, osmi\u0161ljenim za svakodnevnu upotrebu.<\/p>\t\t\t\t\t\t<\/div>\n\t\t\t\t<\/div>\n\t\t\t\t<div class=\"elementor-element elementor-element-16fccf0 elementor-widget elementor-widget-button\" data-id=\"16fccf0\" data-element_type=\"widget\" data-widget_type=\"button.default\">\n\t\t\t\t<div class=\"elementor-widget-container\">\n\t\t\t\t\t<div class=\"elementor-button-wrapper\">\n\t\t\t<a class=\"elementor-button elementor-button-link elementor-size-sm\" href=\"https:\/\/aligalart.com\/?page_id=19\">\n\t\t\t\t\t\t<span class=\"elementor-button-content-wrapper\">\n\t\t\t\t\t\t\t\t\t<span class=\"elementor-button-text\">Kontakt<\/span>\n\t\t\t\t\t<\/span>\n\t\t\t\t\t<\/a>\n\t\t<\/div>\n\t\t\t\t<\/div>\n\t\t\t\t<\/div>\n\t\t\t\t<\/div>\n\t\t<div class=\"elementor-element elementor-element-82e3c28 e-con-full e-flex e-con e-child\" data-id=\"82e3c28\" data-element_type=\"container\" data-settings=\"{&quot;background_background&quot;:&quot;classic&quot;}\">\n\t\t\t\t<\/div>\n\t\t\t\t<\/div>\n\t\t\t\t<\/div>\n\t\t","protected":false},"excerpt":{"rendered":"<p>KUHINJA JE SRCE SVAKOG DOMA KUHINJA Beskompromisna estetika i dugotrajna otpornost za va\u0161e kulinarske izazove. TIPOVI KUHINJA PO MERI KOJE IMAMO U PONUDI Neka od osnovnih podela kuhinja je na klasi\u010dne (tradicionalne) i moderne kuhinje. Malo druga\u010dija podela je na 6 tipova koja je slede\u0107a: 1.Linearna huhinja\u00a0 2.Paralelna kuhinja\u00a0 3.L kuhinja\u00a0 4.U kuhinja\u00a0 5.G kuhinja\u00a0 [&hellip;]<\/p>\n","protected":false},"author":1,"featured_media":0,"parent":0,"menu_order":0,"comment_status":"closed","ping_status":"closed","template":"","meta":{"footnotes":""},"class_list":["post-25","page","type-page","status-publish","hentry"],"_links":{"self":[{"href":"https:\/\/aligalart.com\/index.php?rest_route=\/wp\/v2\/pages\/25","targetHints":{"allow":["GET"]}}],"collection":[{"href":"https:\/\/aligalart.com\/index.php?rest_route=\/wp\/v2\/pages"}],"about":[{"href":"https:\/\/aligalart.com\/index.php?rest_route=\/wp\/v2\/types\/page"}],"author":[{"embeddable":true,"href":"https:\/\/aligalart.com\/index.php?rest_route=\/wp\/v2\/users\/1"}],"replies":[{"embeddable":true,"href":"https:\/\/aligalart.com\/index.php?rest_route=%2Fwp%2Fv2%2Fcomments&post=25"}],"version-history":[{"count":280,"href":"https:\/\/aligalart.com\/index.php?rest_route=\/wp\/v2\/pages\/25\/revisions"}],"predecessor-version":[{"id":1918,"href":"https:\/\/aligalart.com\/index.php?rest_route=\/wp\/v2\/pages\/25\/revisions\/1918"}],"wp:attachment":[{"href":"https:\/\/aligalart.com\/index.php?rest_route=%2Fwp%2Fv2%2Fmedia&parent=25"}],"curies":[{"name":"wp","href":"https:\/\/api.w.org\/{rel}","templated":true}]}}