{"id":27,"date":"2024-07-28T13:33:00","date_gmt":"2024-07-28T13:33:00","guid":{"rendered":"https:\/\/aligalart.com\/?page_id=27"},"modified":"2024-10-10T06:39:36","modified_gmt":"2024-10-10T06:39:36","slug":"plakari","status":"publish","type":"page","link":"https:\/\/aligalart.com\/?page_id=27","title":{"rendered":"Plakari po meri"},"content":{"rendered":"\t\t<div data-elementor-type=\"wp-page\" data-elementor-id=\"27\" class=\"elementor elementor-27\" data-elementor-post-type=\"page\">\n\t\t\t\t<div class=\"elementor-element elementor-element-df0eaeb e-flex e-con-boxed e-con e-parent\" data-id=\"df0eaeb\" data-element_type=\"container\" data-settings=\"{&quot;background_background&quot;:&quot;classic&quot;}\">\n\t\t\t\t\t<div class=\"e-con-inner\">\n\t\t<div class=\"elementor-element elementor-element-993606f e-con-full e-flex e-con e-child\" data-id=\"993606f\" data-element_type=\"container\" data-settings=\"{&quot;background_background&quot;:&quot;classic&quot;}\">\n\t\t\t\t<div class=\"elementor-element elementor-element-131e165 elementor-widget elementor-widget-heading\" data-id=\"131e165\" data-element_type=\"widget\" data-widget_type=\"heading.default\">\n\t\t\t\t<div class=\"elementor-widget-container\">\n\t\t\t<h2 class=\"elementor-heading-title elementor-size-default\">PLAKARI PO MERI ZA VA\u0160 DOM<\/h2>\t\t<\/div>\n\t\t\t\t<\/div>\n\t\t\t\t<div class=\"elementor-element elementor-element-7dcbcd3 elementor-widget__width-initial elementor-widget elementor-widget-text-editor\" data-id=\"7dcbcd3\" data-element_type=\"widget\" data-widget_type=\"text-editor.default\">\n\t\t\t\t<div class=\"elementor-widget-container\">\n\t\t\t\t\t\t\t<p>Organizujte svoj dom uz plakar, dizajniran da iskoristi svaki milimetar va\u0161eg prostora.<\/p>\t\t\t\t\t\t<\/div>\n\t\t\t\t<\/div>\n\t\t\t\t<\/div>\n\t\t\t\t\t<\/div>\n\t\t\t\t<\/div>\n\t\t<div class=\"elementor-element elementor-element-83c7a4c e-con-full e-flex e-con e-parent\" data-id=\"83c7a4c\" data-element_type=\"container\">\n\t\t\t\t<div class=\"elementor-element elementor-element-1021101 elementor-bg-transform elementor-bg-transform-zoom-out elementor-cta--skin-classic elementor-animated-content elementor-widget elementor-widget-call-to-action\" data-id=\"1021101\" data-element_type=\"widget\" data-widget_type=\"call-to-action.default\">\n\t\t\t\t<div class=\"elementor-widget-container\">\n\t\t\t\t\t<div class=\"elementor-cta\">\n\t\t\t\t\t<div class=\"elementor-cta__bg-wrapper\">\n\t\t\t\t<div class=\"elementor-cta__bg elementor-bg\" style=\"background-image: url(https:\/\/aligalart.com\/wp-content\/uploads\/2024\/10\/6.jpg);\" role=\"img\" aria-label=\"\"><\/div>\n\t\t\t\t<div class=\"elementor-cta__bg-overlay\"><\/div>\n\t\t\t<\/div>\n\t\t\t\t\t\t\t<div class=\"elementor-cta__content\">\n\t\t\t\t\n\t\t\t\t\t\t\t\t\t<h2 class=\"elementor-cta__title elementor-cta__content-item elementor-content-item\">\n\t\t\t\t\t\tAMERI\u010cKI PLAKAR\t\t\t\t\t<\/h2>\n\t\t\t\t\n\t\t\t\t\t\t\t\t\t<div class=\"elementor-cta__description elementor-cta__content-item elementor-content-item\">\n\t\t\t\t\t\tUnesite funkcionalnost i stil u svoj dom sa ameri\u010dkim plakarima po meri. Ovi plakari pru\u017eaju savr\u0161eno organizovan prostor, idealan za odlaganje va\u0161e garderobe, obu\u0107e i dodataka. Ameri\u010dki plakari su poznati po prakti\u010dnosti i elegantnom dizajnu, \u010dine\u0107i va\u0161u svakodnevicu lak\u0161om i ure\u0111enijom. Investirajte u re\u0161enje koje nudi optimalnu iskori\u0161\u0107enost prostora, posebno dizajnirano za moderne potrebe.\t\t\t\t\t<\/div>\n\t\t\t\t\n\t\t\t\t\t\t\t<\/div>\n\t\t\t\t\t\t<\/div>\n\t\t\t\t<\/div>\n\t\t\t\t<\/div>\n\t\t\t\t<\/div>\n\t\t<div class=\"elementor-element elementor-element-9096609 e-con-full e-flex e-con e-parent\" data-id=\"9096609\" data-element_type=\"container\" data-settings=\"{&quot;background_background&quot;:&quot;classic&quot;}\">\n\t\t\t\t<div class=\"elementor-element elementor-element-bed4c64 elementor-bg-transform elementor-bg-transform-zoom-out elementor-cta--skin-classic elementor-animated-content elementor-widget elementor-widget-call-to-action\" data-id=\"bed4c64\" data-element_type=\"widget\" data-widget_type=\"call-to-action.default\">\n\t\t\t\t<div class=\"elementor-widget-container\">\n\t\t\t\t\t<div class=\"elementor-cta\">\n\t\t\t\t\t<div class=\"elementor-cta__bg-wrapper\">\n\t\t\t\t<div class=\"elementor-cta__bg elementor-bg\" style=\"background-image: url(https:\/\/aligalart.com\/wp-content\/uploads\/2024\/10\/24.jpg);\" role=\"img\" aria-label=\"\"><\/div>\n\t\t\t\t<div class=\"elementor-cta__bg-overlay\"><\/div>\n\t\t\t<\/div>\n\t\t\t\t\t\t\t<div class=\"elementor-cta__content\">\n\t\t\t\t\n\t\t\t\t\t\t\t\t\t<h2 class=\"elementor-cta__title elementor-cta__content-item elementor-content-item\">\n\t\t\t\t\t\tGARDAROBERI\t\t\t\t\t<\/h2>\n\t\t\t\t\n\t\t\t\t\t\t\t\t\t<div class=\"elementor-cta__description elementor-cta__content-item elementor-content-item\">\n\t\t\t\t\t\tStvorite luksuzni kutak za va\u0161u garderobu uz walk-in garderobere po meri. Ovi prostori pru\u017eaju vrhunski komfor i organizaciju, omogu\u0107avaju\u0107i vam da sve bude uredno slo\u017eeno i lako dostupno. Bez obzira na veli\u010dinu prostora, na\u0161i garderoberi \u0107e vam pomo\u0107i da maksimalno iskoristite svaki milimetar, sa policama, fiokama i \u0161inama za ka\u010denje koje \u0107e olak\u0161ati va\u0161u svakodnevicu.\t\t\t\t\t<\/div>\n\t\t\t\t\n\t\t\t\t\t\t\t<\/div>\n\t\t\t\t\t\t<\/div>\n\t\t\t\t<\/div>\n\t\t\t\t<\/div>\n\t\t\t\t<\/div>\n\t\t<div class=\"elementor-element elementor-element-f260307 e-flex e-con-boxed e-con e-parent\" data-id=\"f260307\" data-element_type=\"container\" data-settings=\"{&quot;background_background&quot;:&quot;classic&quot;}\">\n\t\t\t\t\t<div class=\"e-con-inner\">\n\t\t\t\t<div class=\"elementor-element elementor-element-7142a04 elementor-widget__width-initial elementor-widget elementor-widget-heading\" data-id=\"7142a04\" data-element_type=\"widget\" data-widget_type=\"heading.default\">\n\t\t\t\t<div class=\"elementor-widget-container\">\n\t\t\t<h3 class=\"elementor-heading-title elementor-size-default\">SPOJ FUNKCIONALNOSTI I LUKSUZA KOJI ULEP\u0160AVA VA\u0160 PROSTOR<\/h3>\t\t<\/div>\n\t\t\t\t<\/div>\n\t\t\t\t<div class=\"elementor-element elementor-element-e802586 elementor-widget__width-initial elementor-widget elementor-widget-text-editor\" data-id=\"e802586\" data-element_type=\"widget\" data-widget_type=\"text-editor.default\">\n\t\t\t\t<div class=\"elementor-widget-container\">\n\t\t\t\t\t\t\t<p>Ure\u0111enje prostora ameri\u010dkim plakarom koji spaja efikasnost i stil, ali i kreiranje luksuznog kutka sa walk-in garderoberom za vrhunsku organizaciju i udobnost.<\/p>\t\t\t\t\t\t<\/div>\n\t\t\t\t<\/div>\n\t\t\t\t<div class=\"elementor-element elementor-element-5e49b29 elementor-widget elementor-widget-button\" data-id=\"5e49b29\" data-element_type=\"widget\" data-widget_type=\"button.default\">\n\t\t\t\t<div class=\"elementor-widget-container\">\n\t\t\t\t\t<div class=\"elementor-button-wrapper\">\n\t\t\t<a class=\"elementor-button elementor-button-link elementor-size-sm\" href=\"tel:+381631500011\">\n\t\t\t\t\t\t<span class=\"elementor-button-content-wrapper\">\n\t\t\t\t\t\t\t\t\t<span class=\"elementor-button-text\">POZOVI ZA PONUDU<\/span>\n\t\t\t\t\t<\/span>\n\t\t\t\t\t<\/a>\n\t\t<\/div>\n\t\t\t\t<\/div>\n\t\t\t\t<\/div>\n\t\t\t\t\t<\/div>\n\t\t\t\t<\/div>\n\t\t<div class=\"elementor-element elementor-element-28e68d4 e-con-full e-flex e-con e-parent\" data-id=\"28e68d4\" data-element_type=\"container\">\n\t\t\t\t<div class=\"elementor-element elementor-element-dc5f652 elementor-bg-transform elementor-bg-transform-zoom-out elementor-cta--skin-classic elementor-animated-content elementor-widget elementor-widget-call-to-action\" data-id=\"dc5f652\" data-element_type=\"widget\" data-widget_type=\"call-to-action.default\">\n\t\t\t\t<div class=\"elementor-widget-container\">\n\t\t\t\t\t<div class=\"elementor-cta\">\n\t\t\t\t\t<div class=\"elementor-cta__bg-wrapper\">\n\t\t\t\t<div class=\"elementor-cta__bg elementor-bg\" style=\"background-image: url(https:\/\/aligalart.com\/wp-content\/uploads\/2024\/10\/11.jpg);\" role=\"img\" aria-label=\"\"><\/div>\n\t\t\t\t<div class=\"elementor-cta__bg-overlay\"><\/div>\n\t\t\t<\/div>\n\t\t\t\t\t\t\t<div class=\"elementor-cta__content\">\n\t\t\t\t\n\t\t\t\t\t\t\t\t\t<h2 class=\"elementor-cta__title elementor-cta__content-item elementor-content-item\">\n\t\t\t\t\t\tORMARI\t\t\t\t\t<\/h2>\n\t\t\t\t\n\t\t\t\t\t\t\t\t\t<div class=\"elementor-cta__description elementor-cta__content-item elementor-content-item\">\n\t\t\t\t\t\tTra\u017eite elegantan ormar koji \u0107e savr\u0161eno odgovarati va\u0161em prostoru? Na\u0161i ormari po meri nude fleksibilnost u dizajnu i funkcionalnosti, prilago\u0111eni su va\u0161em ukusu i potrebama. Bez obzira na to da li \u017eelite klasi\u010dan ili moderan stil, na\u0161i ormari osiguravaju dovoljno prostora za va\u0161u garderobu, obu\u0107u i aksesoare. Unapredite svoj enterijer kvalitetnim ormarom, koji kombinuje estetiku i prakti\u010dnost.\t\t\t\t\t<\/div>\n\t\t\t\t\n\t\t\t\t\t\t\t<\/div>\n\t\t\t\t\t\t<\/div>\n\t\t\t\t<\/div>\n\t\t\t\t<\/div>\n\t\t\t\t<\/div>\n\t\t<div class=\"elementor-element elementor-element-8e56af5 e-con-full e-flex e-con e-parent\" data-id=\"8e56af5\" data-element_type=\"container\">\n\t\t\t\t<div class=\"elementor-element elementor-element-53639b4 elementor-bg-transform elementor-bg-transform-zoom-out elementor-cta--skin-classic elementor-animated-content elementor-widget elementor-widget-call-to-action\" data-id=\"53639b4\" data-element_type=\"widget\" data-widget_type=\"call-to-action.default\">\n\t\t\t\t<div class=\"elementor-widget-container\">\n\t\t\t\t\t<div class=\"elementor-cta\">\n\t\t\t\t\t<div class=\"elementor-cta__bg-wrapper\">\n\t\t\t\t<div class=\"elementor-cta__bg elementor-bg\" style=\"background-image: url(https:\/\/aligalart.com\/wp-content\/uploads\/2024\/10\/1.jpg);\" role=\"img\" aria-label=\"\"><\/div>\n\t\t\t\t<div class=\"elementor-cta__bg-overlay\"><\/div>\n\t\t\t<\/div>\n\t\t\t\t\t\t\t<div class=\"elementor-cta__content\">\n\t\t\t\t\n\t\t\t\t\t\t\t\t\t<h2 class=\"elementor-cta__title elementor-cta__content-item elementor-content-item\">\n\t\t\t\t\t\tKLIZNI PLAKAR\t\t\t\t\t<\/h2>\n\t\t\t\t\n\t\t\t\t\t\t\t\t\t<div class=\"elementor-cta__description elementor-cta__content-item elementor-content-item\">\n\t\t\t\t\t\tKlizni plakari predstavljaju savr\u0161eno re\u0161enje za male prostore, jer ne zahtevaju dodatni prostor za otvaranje vrata. Sa modernim dizajnom i razli\u010ditim opcijama prilago\u0111avanja, na\u0161i klizni plakari omogu\u0107avaju efikasno i elegantno ure\u0111enje va\u0161eg doma. U\u017eivajte u kompaktnom i prakti\u010dnom re\u0161enju za svakodnevnu organizaciju, uz plakare koji su istovremeno funkcionalni i vizuelno privla\u010dni.\t\t\t\t\t<\/div>\n\t\t\t\t\n\t\t\t\t\t\t\t<\/div>\n\t\t\t\t\t\t<\/div>\n\t\t\t\t<\/div>\n\t\t\t\t<\/div>\n\t\t\t\t<\/div>\n\t\t<div class=\"elementor-element elementor-element-a095d88 e-flex e-con-boxed e-con e-parent\" data-id=\"a095d88\" data-element_type=\"container\" data-settings=\"{&quot;background_background&quot;:&quot;classic&quot;}\">\n\t\t\t\t\t<div class=\"e-con-inner\">\n\t\t<div class=\"elementor-element elementor-element-34a1a3d e-con-full e-flex e-con e-child\" data-id=\"34a1a3d\" data-element_type=\"container\">\n\t\t\t\t<div class=\"elementor-element elementor-element-8595b79 elementor-widget__width-initial elementor-widget elementor-widget-heading\" data-id=\"8595b79\" data-element_type=\"widget\" data-widget_type=\"heading.default\">\n\t\t\t\t<div class=\"elementor-widget-container\">\n\t\t\t<h2 class=\"elementor-heading-title elementor-size-default\">ELEGANCIJA I EFIKASNOST KLIZNIH PLAKARA I ORMARA!<\/h2>\t\t<\/div>\n\t\t\t\t<\/div>\n\t\t\t\t<div class=\"elementor-element elementor-element-1040e34 elementor-widget__width-initial elementor-widget elementor-widget-text-editor\" data-id=\"1040e34\" data-element_type=\"widget\" data-widget_type=\"text-editor.default\">\n\t\t\t\t<div class=\"elementor-widget-container\">\n\t\t\t\t\t\t\t<p>Klizni plakari obezbe\u0111uju efikasnu organizaciju i moderan izgled, savr\u0161eni za kompaktne prostore, dok ormani donose eleganciju i zahtevaju vi\u0161e prostora za otvaranje i odlaganje.<\/p>\t\t\t\t\t\t<\/div>\n\t\t\t\t<\/div>\n\t\t\t\t<div class=\"elementor-element elementor-element-35d02b2 elementor-widget elementor-widget-button\" data-id=\"35d02b2\" data-element_type=\"widget\" data-widget_type=\"button.default\">\n\t\t\t\t<div class=\"elementor-widget-container\">\n\t\t\t\t\t<div class=\"elementor-button-wrapper\">\n\t\t\t<a class=\"elementor-button elementor-button-link elementor-size-sm\" href=\"tel:+381631500011\">\n\t\t\t\t\t\t<span class=\"elementor-button-content-wrapper\">\n\t\t\t\t\t\t\t\t\t<span class=\"elementor-button-text\">POZOVI ZA PONUDU<\/span>\n\t\t\t\t\t<\/span>\n\t\t\t\t\t<\/a>\n\t\t<\/div>\n\t\t\t\t<\/div>\n\t\t\t\t<\/div>\n\t\t\t\t<\/div>\n\t\t\t\t\t<\/div>\n\t\t\t\t<\/div>\n\t\t\t\t<\/div>\n\t\t","protected":false},"excerpt":{"rendered":"<p>PLAKARI PO MERI ZA VA\u0160 DOM Organizujte svoj dom uz plakar, dizajniran da iskoristi svaki milimetar va\u0161eg prostora. AMERI\u010cKI PLAKAR Unesite funkcionalnost i stil u svoj dom sa ameri\u010dkim plakarima po meri. Ovi plakari pru\u017eaju savr\u0161eno organizovan prostor, idealan za odlaganje va\u0161e garderobe, obu\u0107e i dodataka. Ameri\u010dki plakari su poznati po prakti\u010dnosti i elegantnom dizajnu, [&hellip;]<\/p>\n","protected":false},"author":1,"featured_media":0,"parent":0,"menu_order":0,"comment_status":"closed","ping_status":"closed","template":"elementor_header_footer","meta":{"footnotes":""},"class_list":["post-27","page","type-page","status-publish","hentry"],"_links":{"self":[{"href":"https:\/\/aligalart.com\/index.php?rest_route=\/wp\/v2\/pages\/27","targetHints":{"allow":["GET"]}}],"collection":[{"href":"https:\/\/aligalart.com\/index.php?rest_route=\/wp\/v2\/pages"}],"about":[{"href":"https:\/\/aligalart.com\/index.php?rest_route=\/wp\/v2\/types\/page"}],"author":[{"embeddable":true,"href":"https:\/\/aligalart.com\/index.php?rest_route=\/wp\/v2\/users\/1"}],"replies":[{"embeddable":true,"href":"https:\/\/aligalart.com\/index.php?rest_route=%2Fwp%2Fv2%2Fcomments&post=27"}],"version-history":[{"count":166,"href":"https:\/\/aligalart.com\/index.php?rest_route=\/wp\/v2\/pages\/27\/revisions"}],"predecessor-version":[{"id":1874,"href":"https:\/\/aligalart.com\/index.php?rest_route=\/wp\/v2\/pages\/27\/revisions\/1874"}],"wp:attachment":[{"href":"https:\/\/aligalart.com\/index.php?rest_route=%2Fwp%2Fv2%2Fmedia&parent=27"}],"curies":[{"name":"wp","href":"https:\/\/api.w.org\/{rel}","templated":true}]}}